{"id":179,"date":"2017-09-27T12:18:01","date_gmt":"2017-09-27T09:18:01","guid":{"rendered":"https:\/\/lisanskongre.phil.metu.edu.tr\/?page_id=179"},"modified":"2020-03-25T22:09:47","modified_gmt":"2020-03-25T19:09:47","slug":"ana-sayfa","status":"publish","type":"page","link":"http:\/\/lisanskongre.phil.metu.edu.tr\/tr\/","title":{"rendered":"Anasayfa"},"content":{"rendered":"<p><a href=\"https:\/\/blog.metu.edu.tr\/wwwolofk\/files\/2019\/11\/V_Felsefe_Kongresi_Odtu-2.pdf\"><strong>V. ODT\u00dc Lisans \u00d6\u011frencileri Felsefe Kongresi Afi\u015fi<\/strong><\/a> (PDF)<\/p>\n<p><em><strong>Kongre program\u0131 daha sonra a\u00e7\u0131klanacakt\u0131r.<\/strong><\/em><\/p>\n\n\n<h2 class=\"wp-block-heading\">DUYURU:<\/h2>\n\n\n\n<p>Bu y\u0131l, 26-27 Nisan tarihlerinde be\u015fincisini ger\u00e7ekle\u015ftirmeyi planlad\u0131\u011f\u0131m\u0131z ODT\u00dc Lisans \u00d6\u011frencileri Felsefe Kongresi&#8217;ni sosyal izolasyon sebebi ile \u015fimdilik may\u0131s ay\u0131na ertelemek durumunday\u0131z. Kongremizi, bildik haliyle \u00f6rg\u00fcn e\u011fitime geri d\u00f6n\u00fcld\u00fckten sonra ger\u00e7ekle\u015ftirmek niyetinde oldu\u011fumuzu belirtmek isteriz. \u0130lerleyen tarihlerde, gereken duyurular\u0131 yapmaya devam edece\u011fiz. \u0130lginiz i\u00e7in te\u015fekk\u00fcr ederiz, g\u00fczel g\u00fcnlerde g\u00f6r\u00fc\u015fmek dile\u011fiyle.<br> <strong>Kongre Ekibi<\/strong><\/p>\n\n*Sonu\u00e7lar en k\u0131sa zamanda duyurulacakt\u0131r\n\n\n\n<p><\/p>\n","protected":false},"excerpt":{"rendered":"<p>V. ODT\u00dc Lisans \u00d6\u011frencileri Felsefe Kongresi Afi\u015fi (PDF) Kongre program\u0131 daha sonra a\u00e7\u0131klanacakt\u0131r. DUYURU: Bu y\u0131l, 26-27 Nisan tarihlerinde be\u015fincisini ger\u00e7ekle\u015ftirmeyi planlad\u0131\u011f\u0131m\u0131z ODT\u00dc Lisans \u00d6\u011frencileri Felsefe Kongresi&#8217;ni sosyal izolasyon sebebi ile \u015fimdilik may\u0131s ay\u0131na ertelemek durumunday\u0131z. Kongremizi, bildik haliyle \u00f6rg\u00fcn e\u011fitime geri d\u00f6n\u00fcld\u00fckten sonra ger\u00e7ekle\u015ftirmek niyetinde oldu\u011fumuzu belirtmek isteriz. \u0130lerleyen &#8230;<\/p>\n","protected":false},"author":4157,"featured_media":0,"parent":0,"menu_order":0,"comment_status":"closed","ping_status":"closed","template":"","meta":{"footnotes":"","_links_to":"","_links_to_target":""},"class_list":["post-179","page","type-page","status-publish","hentry","column","twocol"],"_links":{"self":[{"href":"http:\/\/lisanskongre.phil.metu.edu.tr\/tr\/wp-json\/wp\/v2\/pages\/179","targetHints":{"allow":["GET"]}}],"collection":[{"href":"http:\/\/lisanskongre.phil.metu.edu.tr\/tr\/wp-json\/wp\/v2\/pages"}],"about":[{"href":"http:\/\/lisanskongre.phil.metu.edu.tr\/tr\/wp-json\/wp\/v2\/types\/page"}],"author":[{"embeddable":true,"href":"http:\/\/lisanskongre.phil.metu.edu.tr\/tr\/wp-json\/wp\/v2\/users\/4157"}],"replies":[{"embeddable":true,"href":"http:\/\/lisanskongre.phil.metu.edu.tr\/tr\/wp-json\/wp\/v2\/comments?post=179"}],"version-history":[{"count":0,"href":"http:\/\/lisanskongre.phil.metu.edu.tr\/tr\/wp-json\/wp\/v2\/pages\/179\/revisions"}],"wp:attachment":[{"href":"http:\/\/lisanskongre.phil.metu.edu.tr\/tr\/wp-json\/wp\/v2\/media?parent=179"}],"curies":[{"name":"wp","href":"https:\/\/api.w.org\/{rel}","templated":true}]}}