{"id":4,"date":"2016-03-24T23:47:55","date_gmt":"2016-03-24T21:47:55","guid":{"rendered":"http:\/\/blog.metu.edu.tr\/wwwolofk\/?page_id=4"},"modified":"2019-11-07T16:08:46","modified_gmt":"2019-11-07T13:08:46","slug":"duzenleme-kurulu","status":"publish","type":"page","link":"http:\/\/lisanskongre.phil.metu.edu.tr\/tr\/duzenleme-kurulu\/","title":{"rendered":"D\u00fczenleme Kurulu"},"content":{"rendered":"<p style=\"line-height: 150%\">Asl\u0131 Bilge ASLAN (ODT\u00dc \/ Felsefe)<\/p>\n<p style=\"line-height: 150%\">Ay\u015fenur G\u00dcNAY (ODT\u00dc\/ Felsefe)<\/p>\n<p>Deniz S\u00d6NMEZ (ODT\u00dc\/ Felsefe)<\/p>\n<p>Dicle Su DEN\u0130Z (ODT\u00dc\/ Felsefe)<\/p>\n<p style=\"line-height: 150%\">El\u00e7in \u0130\u015eC\u0130 (ODT\u00dc \/ Felsefe)<\/p>\n<p style=\"line-height: 150%\">Mert AK ( ODT\u00dc \/ Felsefe )<\/p>\n<p style=\"line-height: 150%\">\u015eafak Behram G\u00dcNER (ODT\u00dc \/ Felsefe)<\/p>\n<p style=\"line-height: 150%\">Vedia AKSOY (ODT\u00dc \/ Makina M\u00fchendisli\u011fi)<\/p>\n<p style=\"line-height: 150%\">Yi\u011fit YILDIRIMKANLI (ODT\u00dc \/ Tarih)<\/p>\n<h3><\/h3>\n","protected":false},"excerpt":{"rendered":"<p>Asl\u0131 Bilge ASLAN (ODT\u00dc \/ Felsefe) Ay\u015fenur G\u00dcNAY (ODT\u00dc\/ Felsefe) Deniz S\u00d6NMEZ (ODT\u00dc\/ Felsefe) Dicle Su DEN\u0130Z (ODT\u00dc\/ Felsefe) El\u00e7in \u0130\u015eC\u0130 (ODT\u00dc \/ Felsefe) Mert AK ( ODT\u00dc \/ Felsefe ) \u015eafak Behram G\u00dcNER (ODT\u00dc \/ Felsefe) Vedia AKSOY (ODT\u00dc \/ Makina M\u00fchendisli\u011fi) Yi\u011fit YILDIRIMKANLI (ODT\u00dc \/ Tarih)<\/p>\n","protected":false},"author":4157,"featured_media":0,"parent":0,"menu_order":0,"comment_status":"closed","ping_status":"closed","template":"","meta":{"footnotes":"","_links_to":"","_links_to_target":""},"class_list":["post-4","page","type-page","status-publish","hentry","column","twocol"],"_links":{"self":[{"href":"http:\/\/lisanskongre.phil.metu.edu.tr\/tr\/wp-json\/wp\/v2\/pages\/4","targetHints":{"allow":["GET"]}}],"collection":[{"href":"http:\/\/lisanskongre.phil.metu.edu.tr\/tr\/wp-json\/wp\/v2\/pages"}],"about":[{"href":"http:\/\/lisanskongre.phil.metu.edu.tr\/tr\/wp-json\/wp\/v2\/types\/page"}],"author":[{"embeddable":true,"href":"http:\/\/lisanskongre.phil.metu.edu.tr\/tr\/wp-json\/wp\/v2\/users\/4157"}],"replies":[{"embeddable":true,"href":"http:\/\/lisanskongre.phil.metu.edu.tr\/tr\/wp-json\/wp\/v2\/comments?post=4"}],"version-history":[{"count":0,"href":"http:\/\/lisanskongre.phil.metu.edu.tr\/tr\/wp-json\/wp\/v2\/pages\/4\/revisions"}],"wp:attachment":[{"href":"http:\/\/lisanskongre.phil.metu.edu.tr\/tr\/wp-json\/wp\/v2\/media?parent=4"}],"curies":[{"name":"wp","href":"https:\/\/api.w.org\/{rel}","templated":true}]}}