{"id":498,"date":"2019-02-11T20:36:21","date_gmt":"2019-02-11T17:36:21","guid":{"rendered":"https:\/\/lisanskongre.phil.metu.edu.tr\/?page_id=498"},"modified":"2019-11-02T23:21:08","modified_gmt":"2019-11-02T20:21:08","slug":"s-s-s","status":"publish","type":"page","link":"http:\/\/lisanskongre.phil.metu.edu.tr\/tr\/s-s-s\/","title":{"rendered":"S.S.S"},"content":{"rendered":"<p><strong>S\u0131kl\u0131kla Duyulan Kayg\u0131lara Verilmesi Beklenen Sa\u011fduyulu Cevaplar<\/strong><\/p>\n<p><strong>1. Bu i\u015fler konusunda ufak da olsa bir fikrim yok.<br \/>\n<\/strong>Endi\u015fe etti\u011fin \u015fey korkmay\u0131 gerektirecek ve kongreye kat\u0131l\u0131m\u0131na engel olu\u015fturacak boyutta de\u011fil. Kongrenin web sitesinde bilmen gereken her \u015fey yaz\u0131l\u0131 olarak duruyor. \u00d6zet yaz\u0131m s\u00fcrecinde olu\u015fabilecek t\u00fcm soru ve sorunlar\u0131n\u0131 ileti\u015fim adresinde yaz\u0131l\u0131 ki\u015fi ve kurumlarla payla\u015fabilirsin. \u0130lgili her konuda sana yard\u0131mc\u0131 olaca\u011f\u0131m\u0131zdan emin olabilirsin.<\/p>\n<p><strong>2. Kongreye kat\u0131lmaktan ve fikirlerimin kendimden ba\u015fka insanlarca da tart\u0131\u015f\u0131lacak olmas\u0131ndan \u00e7ekiniyorum<\/strong>.<br \/>\n\u0130lk ba\u015fta herkes \u00e7ekinir. Ancak bu i\u015fe karar verip bir kere yapt\u0131ktan sonra geriye bak\u0131p er ya da ge\u00e7 \u015funu diyece\u011finizden emin olabilirsiniz: Nas\u0131l oldu da o zamanlar b\u00f6ylesi g\u00fczel bir mesleki etkinli\u011fe dahil olmaktan \u00e7ekinmi\u015f olabildim ki! \u00c7ekinmek; sayg\u0131, korku, utanma vb. duygularla bir \u015feyi yapmak istememek, ka\u00e7\u0131nmak anlam\u0131na geliyor. Peki, kendi akranlar\u0131m\u0131z ve deneyimli meslekta\u015flar\u0131m\u0131z ile birlikte bir fikrimizi payla\u015fmak ya da onlarla diyalo\u011fa girmek neden bizi utand\u0131rs\u0131n? Neden ve kimden korkal\u0131m? Bunu neden istemeyelim? Neyden ka\u00e7\u0131yoruz? Bu tarz sorulara verece\u011fin her olumsuz ya da en az\u0131ndan karars\u0131z cevap seni konferansa bildiri sunmaya bir ad\u0131m daha yakla\u015ft\u0131racakt\u0131r.<\/p>\n<p><strong>3. Topluluk \u00f6n\u00fcnde konu\u015fma konusunda g\u00fcven sahibi de\u011filim.<br \/>\n<\/strong>Bu mesle\u011fin do\u011fas\u0131nda topluluk \u00f6n\u00fcnde konu\u015fmak vard\u0131r ve g\u00fcven deneyimle kazan\u0131lan bir niteliktir. Kendinizi bu tarz konu\u015fmalarda rahat hissetmeye ne kadar erken al\u0131\u015ft\u0131r\u0131rsan\u0131z mesleki hayat\u0131n\u0131z o kadar erken kolay ve e\u011flenceli bir hale gelir. Toplulu\u011fa kar\u015f\u0131 sunu\u015f yapmak ilk ba\u015fta ka\u00e7\u0131n\u0131lmaz olarak zor gelecektir. Bu durumu ileri ya\u015flara kadar erteledi\u011finizdeyse emin olun \u00fczerinizde hissetti\u011finiz psikolojik bask\u0131 azalmayacak, aksine \u00e7o\u011falacakt\u0131r. Unutmay\u0131n\u0131z, \u00f6zg\u00fcveniniz \u00e7aylak g\u00fcnlerinizin geride kald\u0131\u011f\u0131 g\u00fcn say\u0131s\u0131yla orant\u0131l\u0131 olarak artacakt\u0131r.<br \/>\n<strong><br \/>\n4. \u00d6\u011frenci konferanslar\u0131na kat\u0131l\u0131m\u0131n beceri ve geli\u015fkinli\u011fime ekleyece\u011fi bir \u015feyler oldu\u011funu d\u00fc\u015f\u00fcnm\u00fcyorum.<\/strong><br \/>\nBunda olumsuz bir y\u00f6n aramaktansa sadece bu seferli\u011fine katk\u0131 sa\u011flayan\u0131n sen olaca\u011f\u0131n\u0131 d\u00fc\u015f\u00fcnebilirsin. Sahip oldu\u011funu d\u00fc\u015f\u00fcnd\u00fc\u011f\u00fcn bilgi birikimini bizlerle payla\u015fabilir ve belki de bu sayede bir sonraki konferans\u0131m\u0131z i\u00e7in g\u00f6nderilecek metinlerdeki kaliteyi kendinin de fayda g\u00f6rebilece\u011fi bir seviyeye yakla\u015ft\u0131rm\u0131\u015f olabilirsin. B\u00f6ylelikle bir dahakine hem sen daha \u00e7ok keyif al\u0131rs\u0131n hem de her defas\u0131 i\u00e7in bu topraklarda olu\u015fturulmaya \u00e7al\u0131\u015f\u0131lan felsefi gelene\u011fe katk\u0131 sa\u011flamaya devam edersin. Bundan daha iyi bir f\u0131rsat bulamazs\u0131n.<\/p>\n<p><strong>5. Sundu\u011fum fikirlerin ba\u015fkalar\u0131 taraf\u0131ndan benden izinsiz olarak kullan\u0131labilece\u011finden \u00e7ekiniyorum.<\/strong><br \/>\nKimsenin senin fikirlerini \u00e7almas\u0131na izin vermeyece\u011fimize emin olabilirsin. Hepimiz o fikirlerin senin taraf\u0131ndan okulumuzda bizlerin \u00f6n\u00fcnde dillendirildi\u011fine \u015fahitlik etmeye haz\u0131r\u0131z.<\/p>\n<p><strong>6. \u015eu andaki me\u015fguliyetim yeni \u015feylere vakit ay\u0131rmama engel olu\u015fturuyor.<br \/>\n<\/strong>\u015eunu bilmelisin ki, e\u011fer akademide bir gelecek istiyorsan hi\u00e7bir zaman \u015fu andakinden daha az me\u015fgul olmayacaks\u0131n. E\u011fer \u00f6nce lisans\u0131 bitireyim diyorsan \u015funlar\u0131n \u00fczerine seni d\u00fc\u015f\u00fcnmeye davet ediyoruz: okunacak y\u00fczlerce \u00f6dev, s\u0131nav ka\u011f\u0131tlar\u0131, b\u00f6l\u00fcmdeki idari i\u015fler, \u00f6\u011frencilerle ofis saatleri, mesleki geli\u015fim programlar\u0131, say\u0131s\u0131z b\u00f6l\u00fcm toplant\u0131s\u0131, sonu gelmeyen resmi yaz\u0131\u015fma ve di\u011fer t\u00fcrl\u00fc elektronik yaz\u0131\u015fmalar, haz\u0131rlaman gereken raporlar, dahil olman gereken j\u00fcriler, akademi orman\u0131nda i\u015f bulma ve sesini duyurma m\u00fccadelesinin sonsuz say\u0131daki gerekleri\u2026 Bu y\u00fczden i\u00e7inde bulunabilece\u011fin en bo\u015f vakit \u015fu an.<\/p>\n<p><strong>7. Kongre tarihinde yeti\u015ftirmemiz gereken d\u00f6nem sonu \u00f6devlerim var ve \u00f6nceli\u011fi onlara vermeyi daha uygun g\u00f6r\u00fcyorum.<br \/>\n<\/strong>Neden tam olarak o anda \u00fczerinde \u00e7al\u0131\u015fmakta oldu\u011fun konuyu se\u00e7meyesin? Bundan daha iyi bir f\u0131rsat bulamazs\u0131n.<\/p>\n<p><strong>8. Yap\u0131lan i\u015fe atfetti\u011finiz o b\u00fcy\u00fck \u00f6nemi g\u00f6remiyorum.<br \/>\n<\/strong>Bu tarz kongre, konferans ve etkinlikler mesle\u011fimizin kalbinde yer alan u\u011fra\u015flar. E\u011fer bunlar\u0131 \u00f6nemsiz g\u00f6r\u00fcyorsan, ileride akademi orman\u0131nda yolunu nas\u0131l bulmay\u0131 hayal ediyorsun? Nas\u0131l i\u015f bulacaks\u0131n? Fikirlerini nas\u0131l ileteceksin ve de ilerleteceksin? B\u00fct\u00fcn mesleki hayat\u0131n yapt\u0131\u011f\u0131n \u00fcretimlere dair meslekta\u015flar\u0131nla yapt\u0131\u011f\u0131n tart\u0131\u015fmalarla sar\u0131l\u0131 olacak ve her bir kimsenin \u00e7al\u0131\u015fmas\u0131 di\u011ferlerinin ele\u015ftiri ve katk\u0131lar\u0131yla \u015fekillenecek. Bu belirlenim ve belirleme prati\u011fi ba\u015fta kula\u011fa itici gelebilir ama bilimsel \u00fcretimin temelinde yatan dinamiklerden biri de tam olarak bu.<\/p>\n<p><strong>9. Ger\u00e7ekten iddial\u0131 bir konferans olsayd\u0131 dili \u0130ngilizce olurdu.<br \/>\n<\/strong>\u015eehir efsanesi. Olduk\u00e7a s\u0131k\u0131nt\u0131l\u0131 bir \u00f6n yarg\u0131n\u0131n kli\u015fele\u015fmi\u015f d\u0131\u015favurumlar\u0131ndan biri. Elbette ki e\u011fitim dili \u0130ngilizce olan \u00fclkemiz \u00fcniversitelerinde \u0130ngilizce dilinde ya da \u0130ngilizce-T\u00fcrk\u00e7e sunu\u015f yapma opsiyonelli\u011fine sahip lisans kongreler d\u00fczenlenmesi beklenebilir. Hatta belki de gelecek senelerde kimi okullar bunu ger\u00e7ekle\u015ftirmeye kalk\u0131\u015fabilir. Fakat unutmayal\u0131m ki, d\u00fcnyada belki de 100 milyondan fazla ki\u015fi T\u00fcrk\u00e7e okuyup yazabiliyor. Ve bunlar\u0131n ne yaz\u0131k ki sadece \u00e7ok ama \u00e7ok k\u00fc\u00e7\u00fck bir y\u00fczdesi do\u011fru d\u00fczg\u00fcn bir \u0130ngilizce hakimiyetine sahip. Felsefenin bu co\u011frafyalardaki insanlar\u0131n \u00e7al\u0131\u015fmalar\u0131yla da beslenece\u011fini biliyor ve buna vesile olma niyetini ta\u015f\u0131yoruz.<\/p>\n<p><strong>10. Kongre tarihleri benim i\u00e7in uygun de\u011fil.<br \/>\n<\/strong>Kongre tarihleri ev sahibi \u00fcniversitenin final d\u00f6nemi g\u00f6zetilerek ayarlanm\u0131\u015ft\u0131r. \u00d6\u011frencilerin kat\u0131l\u0131m\u0131n\u0131 kolayla\u015ft\u0131rmak ad\u0131na finallerin bitimini takip eden hafta uygun g\u00f6r\u00fclm\u00fc\u015ft\u00fcr. Ne yaz\u0131k ki bu durum di\u011fer kimi okullar\u0131n takvimi i\u00e7in talihsiz olabilir. Yine ne yaz\u0131k ki b\u00f6ylesi \u00e7ak\u0131\u015fmalar herhangi ba\u015fka bir tarih i\u00e7in de ya\u015fanacakt\u0131r. Kat\u0131lmaya istekli olup da kongre tarihlerinde idari ya da e\u011fitimsel y\u00fck\u00fcml\u00fcl\u00fckleri olup da kat\u0131lamayacaklardan \u00f6z\u00fcr diliyoruz.<\/p>\n<p><strong>11. Bildiri \u00f6zetimin reddedilmesinden korkuyorum.<br \/>\n<\/strong>Sonucun ne olaca\u011f\u0131n\u0131 \u00f6zetini g\u00f6ndermeden bilebilmenin hi\u00e7bir ihtimali yok. Adil bir hakemli kongre haz\u0131rl\u0131k s\u00fcreci i\u00e7in vazge\u00e7ilmez yegane \u015fart da bu oluyor zaten. Yazd\u0131\u011f\u0131n\u0131n di\u011fer g\u00f6nderilenlerden daha k\u00f6t\u00fc olaca\u011f\u0131n\u0131 veya k\u00f6t\u00fc bir \u00f6zet yazmaya mahkum oldu\u011funu nereden bilebilirsin? \u00c7o\u011fu insan kendi i\u00e7indeki ger\u00e7ek potansiyeli ke\u015ffedemeden akademik yoldan ayr\u0131l\u0131r. Belki de bu y\u00fczden T\u00fcrkiye\u2019de felsefe hedeflenen geli\u015fkinli\u011fe hen\u00fcz kavu\u015famam\u0131\u015ft\u0131r.<\/p>\n<p><strong>12. Hakemlerin g\u00f6z\u00fcnde ya da dinleyicilerin \u00f6n\u00fcnde rezil olmaktan korkuyorum.<br \/>\n<\/strong>Kime rezil olabilece\u011fini d\u00fc\u015f\u00fcn\u00fcyorsun ki? Orada akranlar\u0131n olacak. Bu konferans, ne \u00f6\u011frencilerin ellerinde \u00e7oktan tamamlanm\u0131\u015f ola\u011fan\u00fcst\u00fc \u00e7al\u0131\u015fmalar oldu\u011funa ne de onlar\u0131n m\u00fckemmel sunum yapma yeteneklerine sahip oldu\u011funa g\u00fcvenerek ger\u00e7ekle\u015ftiriliyor. Bilakis, \u00f6yle olmad\u0131\u011f\u0131n\u0131 \u00e7ok iyi bildi\u011fimiz ama ayn\u0131 zamanda \u00f6yle olmas\u0131 gerekti\u011fine sonsuz inanc\u0131m\u0131z oldu\u011fu i\u00e7in yap\u0131yoruz. Bir yerden ba\u015flayal\u0131m, teredd\u00fctle, korkarak veya di\u011fer t\u00fcrl\u00fc. \u0130lk ad\u0131m\u0131 atar\u0131z, arkas\u0131ndan daha iyileri elbet gelecektir.<\/p>\n<p><strong>13. Daha \u00f6nce bir deneyimim yok, o y\u00fczden de kongrenin gerekliliklerini yerine getiremeyece\u011fimi d\u00fc\u015f\u00fcn\u00fcyorum.<br \/>\n<\/strong>Buna katiyen kar\u015f\u0131 \u00e7\u0131k\u0131yoruz. Deneyimin, ad\u0131 \u00fczerinde, deneyerek elde edildi\u011fini unutmamal\u0131s\u0131n. Kimse bu tarz kongrelere kat\u0131laca\u011f\u0131 ilk sefer i\u00e7in deneyim sahibi de\u011fildir.<\/p>\n<p><strong>14. \u00d6zetim kabul edilirse bildiriyi tamamlay\u0131p zaman\u0131nda teslim edemeyebilirim.<br \/>\n<\/strong>Neden vakit bulamayaca\u011f\u0131n\u0131 d\u00fc\u015f\u00fcn\u00fcyorsun? Senden bekleneni, \u00f6ncesinde bildirinin \u00f6zetini sunarak kendin belirlemi\u015f oluyorsun zaten. Geriye kalan tek \u015fey ise bunu geli\u015ftirip detayland\u0131rmak i\u00e7in elinden geleni yapman. Konferans an\u0131 senin d\u00fc\u015f\u00fcncelerini m\u00fckemmelle\u015ftirmi\u015f olman gereken an de\u011fildir. Tam da tersine, o an senin orada sunmakta oldu\u011fun fikirlerini m\u00fckemmelli\u011fe do\u011fru ilerletebilmen i\u00e7in gerekli geri bildirimleri alaca\u011f\u0131n yerdir. Bir yerden ba\u015flamazsan, herhangi bir yere de varamazs\u0131n.<\/p>\n<p><strong>15. Ben bu tarz organizasyonlara kat\u0131l\u0131m\u0131 kariyerizm olarak g\u00f6r\u00fcyorum.<br \/>\n<\/strong><strong>Kariyerizm:<\/strong>&nbsp;Kariyer<strong>*<\/strong>&nbsp;yapmay\u0131 en y\u00fcksek ama\u00e7 olarak g\u00f6ren d\u00fc\u015f\u00fcnce sistemi.<br \/>\n<strong>*Kariyer<\/strong>: Bir meslekte zaman ve \u00e7al\u0131\u015fmayla elde edilen a\u015fama, ba\u015far\u0131 ve uzmanl\u0131k.<\/p>\n<p>Bu iki tan\u0131m g\u00f6steriyor ki bir kongreye bildiri sunmak kariyerizm de\u011fil ama kariyerini \u00f6nemsemektir. \u00d6te yandan yerici anlam\u0131yla kullan\u0131ld\u0131\u011f\u0131nda ise kariyerizm; kariyerini hayatta ve evrende en y\u00fcce ama\u00e7 olarak g\u00f6ren kimselerin d\u00fc\u015f\u00fcncesini tan\u0131mlar ve bu sa\u011fl\u0131kl\u0131 bir anlay\u0131\u015f olarak g\u00f6r\u00fclmez. Yukar\u0131daki tan\u0131mda da verildi\u011fi haliyle ger\u00e7ek anlam\u0131yla kariyer, zamanla ve aral\u0131ks\u0131z \u00e7al\u0131\u015fma ile elde edilen a\u015famal\u0131 uzmanl\u0131k ve ba\u015far\u0131d\u0131r.<\/p>\n<p>Son olarak kariyerizm, bir insan\u0131n kariyerinde ilerlemek i\u00e7in her t\u00fcrl\u00fc vicdans\u0131zl\u0131\u011f\u0131 yapabilecek derecede akl\u0131n\u0131 yitirmesi ile karikat\u00fcrize edilirken; kariyerine g\u00f6n\u00fcl vermek kendinin ilerlemesinden \u00e7ok mesle\u011fin kendisinin ilerletilmesi ile el ele gider.<\/p>\n<p><strong>16. Kat\u0131l\u0131m\u0131m\u0131n ba\u015fkalar\u0131nca kariyerizm olarak adland\u0131r\u0131lmas\u0131ndan \u00e7ekiniyorum.<br \/>\n<\/strong>Bunu diyenler, en kibar deyi\u015fle, seni k\u0131skan\u0131yor olmal\u0131lar. Kendine uygun g\u00f6rd\u00fc\u011f\u00fcn ve ger\u00e7ekten istedi\u011fin yolda y\u00fcr\u00fcmekte kararl\u0131ysan, konu\u015fulanlar aras\u0131nda hedefsiz g\u00f6rd\u00fc\u011f\u00fcn tahrip edici ele\u015ftirilere kulak kapatmay\u0131 \u00f6\u011frenmelisin.<\/p>\n<p><strong>17. \u00d6nce bir kere dinleyici olarak kat\u0131lay\u0131m, sonra belki bir vakit konu\u015fmac\u0131 olurum.<br \/>\n<\/strong>En iyi dinleyici, dinlemekte oldu\u011fu konu\u015fmadan sonraki konu\u015fmay\u0131 kendisi yapacak ki\u015fidir. Dinlemeyi \u00f6\u011frenmenin en etkili yolu konu\u015fmay\u0131 \u00f6\u011frenmek i\u00e7in \u00e7aba g\u00f6stermekten ge\u00e7er.<\/p>\n<p><strong>18.\u00d6zetlerin teslimi i\u00e7in mevcut kalan s\u00fcreyi \u00e7ok az buluyorum.<br \/>\n<\/strong>Son teslim tarihi 1 Mart 2018 ve biz bildirinin tamamlanm\u0131\u015f halini de\u011fil sadece bildiri \u00f6zetini senden bekliyoruz. \u00d6n\u00fcnde ucu a\u00e7\u0131k bir zaman olsayd\u0131 emin ol bir \u00f6zet yazman \u00e7ok daha zor hale b\u00fcr\u00fcn\u00fcrd\u00fc.<\/p>\n","protected":false},"excerpt":{"rendered":"<p>S\u0131kl\u0131kla Duyulan Kayg\u0131lara Verilmesi Beklenen Sa\u011fduyulu Cevaplar 1. Bu i\u015fler konusunda ufak da olsa bir fikrim yok. Endi\u015fe etti\u011fin \u015fey korkmay\u0131 gerektirecek ve kongreye kat\u0131l\u0131m\u0131na engel olu\u015fturacak boyutta de\u011fil. Kongrenin web sitesinde bilmen gereken her \u015fey yaz\u0131l\u0131 olarak duruyor. \u00d6zet yaz\u0131m s\u00fcrecinde olu\u015fabilecek t\u00fcm soru ve sorunlar\u0131n\u0131 ileti\u015fim adresinde yaz\u0131l\u0131 &#8230;<\/p>\n","protected":false},"author":4157,"featured_media":0,"parent":0,"menu_order":0,"comment_status":"closed","ping_status":"closed","template":"","meta":{"footnotes":"","_links_to":"","_links_to_target":""},"class_list":["post-498","page","type-page","status-publish","hentry","column","twocol"],"_links":{"self":[{"href":"http:\/\/lisanskongre.phil.metu.edu.tr\/tr\/wp-json\/wp\/v2\/pages\/498","targetHints":{"allow":["GET"]}}],"collection":[{"href":"http:\/\/lisanskongre.phil.metu.edu.tr\/tr\/wp-json\/wp\/v2\/pages"}],"about":[{"href":"http:\/\/lisanskongre.phil.metu.edu.tr\/tr\/wp-json\/wp\/v2\/types\/page"}],"author":[{"embeddable":true,"href":"http:\/\/lisanskongre.phil.metu.edu.tr\/tr\/wp-json\/wp\/v2\/users\/4157"}],"replies":[{"embeddable":true,"href":"http:\/\/lisanskongre.phil.metu.edu.tr\/tr\/wp-json\/wp\/v2\/comments?post=498"}],"version-history":[{"count":0,"href":"http:\/\/lisanskongre.phil.metu.edu.tr\/tr\/wp-json\/wp\/v2\/pages\/498\/revisions"}],"wp:attachment":[{"href":"http:\/\/lisanskongre.phil.metu.edu.tr\/tr\/wp-json\/wp\/v2\/media?parent=498"}],"curies":[{"name":"wp","href":"https:\/\/api.w.org\/{rel}","templated":true}]}}