{"id":654,"date":"2019-11-04T17:08:58","date_gmt":"2019-11-04T14:08:58","guid":{"rendered":"https:\/\/lisanskongre.phil.metu.edu.tr\/?page_id=654"},"modified":"2019-11-04T17:09:00","modified_gmt":"2019-11-04T14:09:00","slug":"onceki-kongrelerimiz","status":"publish","type":"page","link":"http:\/\/lisanskongre.phil.metu.edu.tr\/tr\/onceki-kongrelerimiz\/","title":{"rendered":"\u00d6NCEK\u0130 KONGRELER\u0130M\u0130Z"},"content":{"rendered":"<p><a href=\"https:\/\/drive.google.com\/open?id=1y3d-6Z2tWH2_k7ppLz1mOAQ2j8x8Iq_o\">1. ODT\u00dc Lisans \u00d6\u011frencileri Felsefe Kongresi Afi\u015fi<\/a><\/p>\n<p><a href=\"https:\/\/drive.google.com\/open?id=1N1vIvnkmHOw8P4tUa_p1tjqwJ1bJ6wWF\">2. ODT\u00dc Lisans \u00d6\u011frencileri Felsefe Kongresi Afi\u015fi<\/a><\/p>\n<p><a href=\"https:\/\/drive.google.com\/open?id=1-VMwwRbRSb7vzMCCxgKv7RBHWv7aMpKv\">2. ODT\u00dc Lisans \u00d6\u011frencileri Felsefe Kongresi Bildiri \u00d6zetleri<\/a><\/p>\n<p><a href=\"https:\/\/blog.metu.edu.tr\/wwwolofk\/files\/2019\/11\/ucuncu_felsefe_kongresi_afis.png\">3. ODT\u00dc Lisans \u00d6\u011frencileri Felsefe Kongresi Afi\u015fi<\/a><\/p>\n<p><a href=\"https:\/\/blog.metu.edu.tr\/wwwolofk\/files\/2018\/11\/phil-min.jpg\">4. ODT\u00dc Lisans \u00d6\u011frencileri Felsefe Kongresi Afi\u015fi<\/a><\/p>\n<p><a href=\"https:\/\/drive.google.com\/open?id=11GEg2JK2phcl4eBdiLdVSDyKxH6pWEhn\">4. ODT\u00dc Lisans \u00d6\u011frencileri Felsefe Kongresi Bildiri \u00d6zetleri<\/a><\/p>\n<p>\u00a0<\/p>\n\n\n<p><\/p>\n","protected":false},"excerpt":{"rendered":"<p>1. ODT\u00dc Lisans \u00d6\u011frencileri Felsefe Kongresi Afi\u015fi 2. ODT\u00dc Lisans \u00d6\u011frencileri Felsefe Kongresi Afi\u015fi 2. ODT\u00dc Lisans \u00d6\u011frencileri Felsefe Kongresi Bildiri \u00d6zetleri 3. ODT\u00dc Lisans \u00d6\u011frencileri Felsefe Kongresi Afi\u015fi 4. ODT\u00dc Lisans \u00d6\u011frencileri Felsefe Kongresi Afi\u015fi 4. ODT\u00dc Lisans \u00d6\u011frencileri Felsefe Kongresi Bildiri \u00d6zetleri \u00a0<\/p>\n","protected":false},"author":4157,"featured_media":0,"parent":0,"menu_order":0,"comment_status":"closed","ping_status":"closed","template":"","meta":{"footnotes":"","_links_to":"","_links_to_target":""},"class_list":["post-654","page","type-page","status-publish","hentry","column","twocol"],"_links":{"self":[{"href":"http:\/\/lisanskongre.phil.metu.edu.tr\/tr\/wp-json\/wp\/v2\/pages\/654","targetHints":{"allow":["GET"]}}],"collection":[{"href":"http:\/\/lisanskongre.phil.metu.edu.tr\/tr\/wp-json\/wp\/v2\/pages"}],"about":[{"href":"http:\/\/lisanskongre.phil.metu.edu.tr\/tr\/wp-json\/wp\/v2\/types\/page"}],"author":[{"embeddable":true,"href":"http:\/\/lisanskongre.phil.metu.edu.tr\/tr\/wp-json\/wp\/v2\/users\/4157"}],"replies":[{"embeddable":true,"href":"http:\/\/lisanskongre.phil.metu.edu.tr\/tr\/wp-json\/wp\/v2\/comments?post=654"}],"version-history":[{"count":0,"href":"http:\/\/lisanskongre.phil.metu.edu.tr\/tr\/wp-json\/wp\/v2\/pages\/654\/revisions"}],"wp:attachment":[{"href":"http:\/\/lisanskongre.phil.metu.edu.tr\/tr\/wp-json\/wp\/v2\/media?parent=654"}],"curies":[{"name":"wp","href":"https:\/\/api.w.org\/{rel}","templated":true}]}}