{"id":9,"date":"2016-03-25T00:00:24","date_gmt":"2016-03-24T22:00:24","guid":{"rendered":"http:\/\/blog.metu.edu.tr\/wwwolofk\/?page_id=9"},"modified":"2020-03-25T22:50:50","modified_gmt":"2020-03-25T19:50:50","slug":"bilim-kurulu","status":"publish","type":"page","link":"http:\/\/lisanskongre.phil.metu.edu.tr\/tr\/bilim-kurulu\/","title":{"rendered":"B\u0130L\u0130M KURULU"},"content":{"rendered":"<ul>\n<li>Prof. Dr. Murat Ba\u00e7 &#8211; ODT\u00dc<\/li>\n<li>Prof. Dr. T\u00fcrker Armaner &#8211; Galatasaray \u00dcniversitesi<\/li>\n<li>Do\u00e7. Dr. \u00c7etin T\u00fcrky\u0131lmaz &#8211; Hacettepe \u00dcniversitesi<\/li>\n<li>Do\u00e7. Dr. Lale Levin Basut &#8211; Yeditepe \u00dcniversitesi<\/li>\n<li>Dr. G\u00fc\u00e7l\u00fc Ate\u015fo\u011flu &#8211; MSG\u00dc<\/li>\n<li>Dr. Hikmet \u00dcnl\u00fc &#8211; ODT\u00dc<\/li>\n<li>Dr. \u00d6\u011fr. \u00dcyesi I\u015f\u0131l \u00c7e\u015fmeli &#8211; Sel\u00e7uk \u00dcniversitesi<\/li>\n<li>Dr. \u00d6\u011fr. \u00dcyesi Levent Kavas &#8211; Yeditepe \u00dcniversitesi<\/li>\n<li>Dr. Mehmet \u015eiray &#8211; MSG\u00dc<\/li>\n<li>Dr. Naz\u0131m Keven &#8211; Bilkent \u00dcniversitesi<\/li>\n<li>Dr. \u00d6\u011fr. \u00dcyesi Refik G\u00fcremen &#8211; ODT\u00dc<\/li>\n<li>Dr. Tongu\u00e7 Sefero\u011flu &#8211; Ardahan \u00dcniversitesi<\/li>\n<li>Dr. \u00d6\u011fr. \u00dcyesi Tufan K\u0131ymaz &#8211; Bilkent \u00dcniversitesi<\/li>\n<li>Dr. \u00d6\u011fr. \u00dcyesi Y\u0131ld\u0131z Siliyer &#8211; Bo\u011fazi\u00e7i \u00dcniversitesi\u00a0<\/li>\n<li>Alican Ba\u015fdemir &#8211; Bilkent \u00dcniversitesi<\/li>\n<li>Ali Emre Benli &#8211; UC Louvain<\/li>\n<li>Berat Okutan &#8211; Ohio State University<\/li>\n<li>Berk Yayl\u0131m &#8211; ODT\u00dc<\/li>\n<li>Cenk \u00d6zda\u011f &#8211; ODT\u00dc<\/li>\n<li>Duygu Y\u0131ld\u0131r\u0131m &#8211; Stanford University<\/li>\n<li>F\u0131rat Akova &#8211;\u00a0University of Warwick<\/li>\n<li>Haktan Ak\u00e7in &#8211; Lingnan University<\/li>\n<li>Ozan Alt\u0131nok &#8211; M\u00fcnster University<\/li>\n<li>Z\u00fcht\u00fccan Soysal &#8211; ODT\u00dc<\/li>\n<\/ul>\n\n\n<p><\/p>\n","protected":false},"excerpt":{"rendered":"<p>Prof. Dr. Murat Ba\u00e7 &#8211; ODT\u00dc Prof. Dr. T\u00fcrker Armaner &#8211; Galatasaray \u00dcniversitesi Do\u00e7. Dr. \u00c7etin T\u00fcrky\u0131lmaz &#8211; Hacettepe \u00dcniversitesi Do\u00e7. Dr. Lale Levin Basut &#8211; Yeditepe \u00dcniversitesi Dr. G\u00fc\u00e7l\u00fc Ate\u015fo\u011flu &#8211; MSG\u00dc Dr. Hikmet \u00dcnl\u00fc &#8211; ODT\u00dc Dr. \u00d6\u011fr. \u00dcyesi I\u015f\u0131l \u00c7e\u015fmeli &#8211; Sel\u00e7uk \u00dcniversitesi Dr. \u00d6\u011fr. \u00dcyesi Levent &#8230;<\/p>\n","protected":false},"author":4157,"featured_media":0,"parent":0,"menu_order":0,"comment_status":"closed","ping_status":"closed","template":"","meta":{"footnotes":"","_links_to":"","_links_to_target":""},"class_list":["post-9","page","type-page","status-publish","hentry","column","twocol"],"_links":{"self":[{"href":"http:\/\/lisanskongre.phil.metu.edu.tr\/tr\/wp-json\/wp\/v2\/pages\/9","targetHints":{"allow":["GET"]}}],"collection":[{"href":"http:\/\/lisanskongre.phil.metu.edu.tr\/tr\/wp-json\/wp\/v2\/pages"}],"about":[{"href":"http:\/\/lisanskongre.phil.metu.edu.tr\/tr\/wp-json\/wp\/v2\/types\/page"}],"author":[{"embeddable":true,"href":"http:\/\/lisanskongre.phil.metu.edu.tr\/tr\/wp-json\/wp\/v2\/users\/4157"}],"replies":[{"embeddable":true,"href":"http:\/\/lisanskongre.phil.metu.edu.tr\/tr\/wp-json\/wp\/v2\/comments?post=9"}],"version-history":[{"count":0,"href":"http:\/\/lisanskongre.phil.metu.edu.tr\/tr\/wp-json\/wp\/v2\/pages\/9\/revisions"}],"wp:attachment":[{"href":"http:\/\/lisanskongre.phil.metu.edu.tr\/tr\/wp-json\/wp\/v2\/media?parent=9"}],"curies":[{"name":"wp","href":"https:\/\/api.w.org\/{rel}","templated":true}]}}